{"id":168,"date":"2023-11-01T15:47:18","date_gmt":"2023-11-01T13:47:18","guid":{"rendered":"https:\/\/nikidaferera.gr\/resume\/"},"modified":"2025-03-17T11:46:59","modified_gmt":"2025-03-17T09:46:59","slug":"resume","status":"publish","type":"page","link":"https:\/\/nikidaferera.gr\/en\/resume\/","title":{"rendered":"Resume"},"content":{"rendered":"\t\t<div data-elementor-type=\"wp-page\" data-elementor-id=\"168\" class=\"elementor elementor-168 elementor-32\" data-elementor-post-type=\"page\">\n\t\t\t\t<div class=\"elementor-element elementor-element-382edd2 e-flex e-con-boxed e-con e-parent\" data-id=\"382edd2\" data-element_type=\"container\" data-settings=\"{&quot;background_background&quot;:&quot;classic&quot;}\">\n\t\t\t\t\t<div class=\"e-con-inner\">\n\t\t\t\t<div class=\"elementor-element elementor-element-05ffbf5 elementor-widget elementor-widget-heading\" data-id=\"05ffbf5\" data-element_type=\"widget\" data-widget_type=\"heading.default\">\n\t\t\t\t<div class=\"elementor-widget-container\">\n\t\t\t<h2 class=\"elementor-heading-title elementor-size-default\">CV<\/h2>\t\t<\/div>\n\t\t\t\t<\/div>\n\t\t\t\t<div class=\"elementor-element elementor-element-30baff3 elementor-widget-divider--view-line elementor-widget elementor-widget-divider\" data-id=\"30baff3\" data-element_type=\"widget\" data-widget_type=\"divider.default\">\n\t\t\t\t<div class=\"elementor-widget-container\">\n\t\t\t\t\t<div class=\"elementor-divider\">\n\t\t\t<span class=\"elementor-divider-separator\">\n\t\t\t\t\t\t<\/span>\n\t\t<\/div>\n\t\t\t\t<\/div>\n\t\t\t\t<\/div>\n\t\t\t\t\t<\/div>\n\t\t\t\t<\/div>\n\t\t<div class=\"elementor-element elementor-element-4355f73 e-con-full e-flex e-con e-parent\" data-id=\"4355f73\" data-element_type=\"container\" data-settings=\"{&quot;background_background&quot;:&quot;classic&quot;,&quot;animation&quot;:&quot;none&quot;,&quot;animation_delay&quot;:1000}\">\n\t\t\t\t<div class=\"elementor-element elementor-element-e0516f1 elementor-widget elementor-widget-heading\" data-id=\"e0516f1\" data-element_type=\"widget\" data-widget_type=\"heading.default\">\n\t\t\t\t<div class=\"elementor-widget-container\">\n\t\t\t<h2 class=\"elementor-heading-title elementor-size-default\">PROFESSIONAL EXPERIENCE<\/h2>\t\t<\/div>\n\t\t\t\t<\/div>\n\t\t\t\t<div class=\"elementor-element elementor-element-6bf8470 elementor-widget elementor-widget-text-editor\" data-id=\"6bf8470\" data-element_type=\"widget\" data-widget_type=\"text-editor.default\">\n\t\t\t\t<div class=\"elementor-widget-container\">\n\t\t\t\t\t\t\t<p>\u2022 Gastroenterology &amp; Hepatology Consultant, Gastroenterology and Hepatology Department, Link\u00f6ping University Hospital, Link\u00f6ping, Sweden. September 2019-present <br \/>  (2019 to date)<\/p>\n<p>\u2022 Gastroenterology &amp; Hepatology Specialty Registrar, Hepatology Department, Karolinska University<br \/>Hospital, Stockholm, Sweden. April\u2013August 2019 (2019)<\/p>\n<p>\u2022 Gastroenterology &amp; Hepatology Specialty Registrar, Gastroenterology and Hepatology Department, Link\u00f6ping University Hospital, Link\u00f6ping, Sweden. September 2016-April 2019 <br \/>  (2016 &#8211; 2019)<\/p>\n<p>\u2022 Internal Medicine Specialty Registrar, Gastroenterology and Hepatology Department, Link\u00f6ping University Hospital, Link\u00f6ping, Sweden (2011 &#8211; 2016)<\/p>\n<p>\u2022 Internal Medicine Specialty Registrar, Medical and Rehabilitation Hospital, Pite\u00e5 \u00c4lvdals hospital, Pite\u00e5, Sweden. September 2009-August 2011 (2009 &#8211; 2011)<\/p>\n\t\t\t\t\t\t<\/div>\n\t\t\t\t<\/div>\n\t\t\t\t<\/div>\n\t\t<div class=\"elementor-element elementor-element-97af3ab e-con-full e-flex e-con e-parent\" data-id=\"97af3ab\" data-element_type=\"container\" data-settings=\"{&quot;background_background&quot;:&quot;classic&quot;,&quot;animation&quot;:&quot;none&quot;,&quot;animation_delay&quot;:10000}\">\n\t\t\t\t<div class=\"elementor-element elementor-element-537eeea elementor-widget elementor-widget-heading\" data-id=\"537eeea\" data-element_type=\"widget\" data-widget_type=\"heading.default\">\n\t\t\t\t<div class=\"elementor-widget-container\">\n\t\t\t<h2 class=\"elementor-heading-title elementor-size-default\">TRAINING AND EDUCATION<\/h2>\t\t<\/div>\n\t\t\t\t<\/div>\n\t\t\t\t<div class=\"elementor-element elementor-element-667c36d elementor-widget elementor-widget-text-editor\" data-id=\"667c36d\" data-element_type=\"widget\" data-widget_type=\"text-editor.default\">\n\t\t\t\t<div class=\"elementor-widget-container\">\n\t\t\t\t\t\t\t<p>\u2022 PhD candidate at Linkoping University Hospital, Linkoping University Hospital, Sweden. December 2015 &#8211; to date. Immunological background of microscopic colitis. (8 years of training 33 university degrees)  <\/p>\n<p>\u2022 Gastroenterology and Hepatology Specialist September 2019<\/p>\n<p>\u2022 Internal Medicine Specialist August 2016<\/p>\n<p>\u2022 Medicine Degree, School of Medicine, Aristotle University of Thessaloniki, Greece. 2002-2008 (Grade 7\/10) <\/p>\n<p>&#8211; Clinical Assistant at the Clinic of Pathology, AHEPA, Aristotle University of Thessaloniki, Greece, to Professor Stavros Gavriilides, Professor of Cardiology, and to George Germanides&#8217; team at the Clinic of Pathology, AHEPA, Aristotle University of Thessaloniki, Greece.<br \/>September &#8211; December 2008<\/p>\n<p>&#8211; Laboratory Assistant, Laboratory of Pharmacology, Aristotle University of Thessaloniki, Greece, to Professor Antonios Goulas. December 2007- December 2008<\/p>\n<p>\u2022 Erasmus student, Charles University, Prague, Czech Republic <br \/>February-June 2006<\/p>\n<p>\u2022 High School Diploma, 3rd High School, Volos 1999-2002<\/p>\n\t\t\t\t\t\t<\/div>\n\t\t\t\t<\/div>\n\t\t\t\t<\/div>\n\t\t<div class=\"elementor-element elementor-element-b4bcef1 animated-slow e-con-full e-flex e-con e-parent\" data-id=\"b4bcef1\" data-element_type=\"container\" data-settings=\"{&quot;background_background&quot;:&quot;classic&quot;,&quot;animation&quot;:&quot;none&quot;,&quot;animation_delay&quot;:1000}\">\n\t\t\t\t<div class=\"elementor-element elementor-element-b655ea4 elementor-widget elementor-widget-heading\" data-id=\"b655ea4\" data-element_type=\"widget\" data-widget_type=\"heading.default\">\n\t\t\t\t<div class=\"elementor-widget-container\">\n\t\t\t<h2 class=\"elementor-heading-title elementor-size-default\">PUBLICATIONS<\/h2>\t\t<\/div>\n\t\t\t\t<\/div>\n\t\t\t\t<div class=\"elementor-element elementor-element-ceb5d17 elementor-widget elementor-widget-text-editor\" data-id=\"ceb5d17\" data-element_type=\"widget\" data-widget_type=\"text-editor.default\">\n\t\t\t\t<div class=\"elementor-widget-container\">\n\t\t\t\t\t\t\t<p>\u2022 \u201cMucosa associated invariant T and natural killer cells in active and budesonide treated collagenous colitis patients.\u201d Niki Daferera , Sofia Nystr\u00f6m, Maria C Jenmalm, Henrik Hjortswang , Simone Ignatova, Magnus Str\u00f6m, Andreas M\u00fcnch. Department of Gastroenterology and Hepatology, Linkoping University Hospital, Sweden. Frontier of immunology 2022 Dec 15;13:981740.<\/p>\n<p>\u2022 \u201cProspective comparison of an adult, an intermediate paediatric and a long paediatric colonoscopy in the training process of gastrointestinal fellows to achieve high-quality practice in colonoscopy.\u201d George Tribonias, Athanasios-Dimitrios Bacasis, Yoriaki Komeda, George Lyrakos, Ioannis Giotis, Niki Daferera, Dimitrios Charisis, Margarita-Eleni Manola, Dimitrios Karapiperis. Ann Gastroenterol. 2022;400\u20136.<\/p>\n<p>\u2022 \u201cCollagenous Colitis Mucosa Is Characterized by an Expansion of Non-suppressive FoxP3+ T Helper Cells.\u201d Niki Daferera , Celia Escudero-Hern\u00e1ndez, Sofia Nystr\u00f6m, Maria C Jenmalm, Henrik Hjortswang , Simone Ignatova, Magnus Str\u00f6m, Andreas M\u00fcnch. Department of Gastroenterology and Hepatology, Linkoping University Hospital, Sweden. Inflammatory Bowel Disease. 2020;1\u20139<\/p>\n<p>\u2022 \u201cSingle-center experience with anti-tumor necrosis factor treatment in budesonide-refractory microscopic colitis patient.\u201d Niki Daferera, Henrik Hjortswang, Simone Ignatova, Andreas M\u00fcnch. Department of Gastroenterology and Hepatology, Linkoping University Hospital, Sweden. United Eur Gastroenterol J. 2019 Aug 20;7(9):1234\u201340.<\/p>\n<p>\u2022 \u201cHow familiar are we with decision-making concerning the treatment of perforation after endoscopic mucosal resection (EMR) in the colon? A case report.\u201d George Tribonias, Niki Daferera, Margarita-Eleni Manola, Rikard Svernl\u00f6v, Simone Ignatova, and Henrik Hjortswang. Department of Gastroenterology and Hepatology, Linkoping University Hospital, Sweden. Endoscopy International Open. E308\/E312. 6 March 2018.     <\/p>\n<p>\u2022 \u201cFecal stream diversion and mucosal cytokine levels in collagenous colitis: A case report\u201d. Niki Daferera, Ashok Kumar Kumawat, Elisabeth Hultgren-H\u00f6rnquist, Simone Ignatova, Magnus Str\u00f6m, and Andreas M\u00fcnch. Department of Gastroenterology and Hepatology, Linkoping University Hospital, Sweden. World J Gastroenterol. 2015;21(19):6065\u201371.<\/p>\n<p>\u2022 \u201cAn association study of catalase -262G&gt;T gene polymorphism with Li\/Na counter transport activity, blood pressure and their regulation by atorvastatin.\u201d A. Goulas, M. Kosmidou, D. Molyva, N. Daferera, N. Raikos, C. Savopoulos, A. Hatzitolios, V. Kokkas. Department of Pharmacology, Medical School Aristotle University of Thessaloniki. Free Radical Research. 2009 Apr; 43(4):385-9. Epub 2009 Mar 9.<\/p>\n\t\t\t\t\t\t<\/div>\n\t\t\t\t<\/div>\n\t\t\t\t<\/div>\n\t\t<div class=\"elementor-element elementor-element-5f465f9 animated-slow e-con-full e-flex e-con e-parent\" data-id=\"5f465f9\" data-element_type=\"container\" data-settings=\"{&quot;background_background&quot;:&quot;classic&quot;,&quot;animation&quot;:&quot;none&quot;,&quot;animation_delay&quot;:1000}\">\n\t\t\t\t<div class=\"elementor-element elementor-element-af3400e elementor-widget elementor-widget-heading\" data-id=\"af3400e\" data-element_type=\"widget\" data-widget_type=\"heading.default\">\n\t\t\t\t<div class=\"elementor-widget-container\">\n\t\t\t<h2 class=\"elementor-heading-title elementor-size-default\">POSTER PARTICIPATION IN CONFERENCES<\/h2>\t\t<\/div>\n\t\t\t\t<\/div>\n\t\t\t\t<div class=\"elementor-element elementor-element-3e8834e elementor-widget elementor-widget-text-editor\" data-id=\"3e8834e\" data-element_type=\"widget\" data-widget_type=\"text-editor.default\">\n\t\t\t\t<div class=\"elementor-widget-container\">\n\t\t\t\t\t\t\t<p>\u2022 P330 Collagenous Colitis Mucosa Is Characterized by an Expansion of Non-suppressive FoxP3+ T Helper Cells. Poster presentation United European Gastroenterology week 2020. <\/p>\n<p>\u2022 P617 Single-centre experience with biological treatment in budesonide-refractory microscopic colitis patients. Poster presentation United European Gastroenterology week 2017. <\/p>\n<p>\u2022 P634 Incidence of microscopic colitis 2008\u20132011 in central \u00d6sterg\u00f6tland, Sweden. Evidence for an increase? Poster presentation Gastrodagar 2013.  <\/p>\n<p>The doctor is an active member of the Swedish Gastroenterology Society (Svensk Gastroenterologisk F\u00f6rening) and the Ghent International Endoscopic Society (Gieqs Foundation).<\/p>\n\t\t\t\t\t\t<\/div>\n\t\t\t\t<\/div>\n\t\t\t\t<\/div>\n\t\t<div class=\"elementor-element elementor-element-f665233 e-flex e-con-boxed e-con e-parent\" data-id=\"f665233\" data-element_type=\"container\">\n\t\t\t\t\t<div class=\"e-con-inner\">\n\t\t\t\t<div class=\"elementor-element elementor-element-99f1028 elementor-widget elementor-widget-spacer\" data-id=\"99f1028\" data-element_type=\"widget\" data-widget_type=\"spacer.default\">\n\t\t\t\t<div class=\"elementor-widget-container\">\n\t\t\t\t\t<div class=\"elementor-spacer\">\n\t\t\t<div class=\"elementor-spacer-inner\"><\/div>\n\t\t<\/div>\n\t\t\t\t<\/div>\n\t\t\t\t<\/div>\n\t\t\t\t\t<\/div>\n\t\t\t\t<\/div>\n\t\t\t\t<\/div>\n\t\t","protected":false},"excerpt":{"rendered":"<p>CV PROFESSIONAL EXPERIENCE \u2022 Gastroenterology &amp; Hepatology Consultant, Gastroenterology and Hepatology Department, Link\u00f6ping University Hospital, Link\u00f6ping, Sweden. September 2019-present (2019 to date) \u2022 Gastroenterology &amp; Hepatology Specialty Registrar, Hepatology Department, Karolinska UniversityHospital, Stockholm, Sweden. April\u2013August 2019 (2019) \u2022 Gastroenterology &amp; Hepatology Specialty Registrar, Gastroenterology and Hepatology Department, Link\u00f6ping University Hospital, Link\u00f6ping, Sweden. September 2016-April 2019 &#8230; <a title=\"Resume\" class=\"read-more\" href=\"https:\/\/nikidaferera.gr\/en\/resume\/\" aria-label=\"Read more about Resume\">Read more<\/a><\/p>\n","protected":false},"author":2,"featured_media":0,"parent":0,"menu_order":0,"comment_status":"closed","ping_status":"closed","template":"","meta":{"footnotes":""},"class_list":["post-168","page","type-page","status-publish"],"_links":{"self":[{"href":"https:\/\/nikidaferera.gr\/en\/wp-json\/wp\/v2\/pages\/168"}],"collection":[{"href":"https:\/\/nikidaferera.gr\/en\/wp-json\/wp\/v2\/pages"}],"about":[{"href":"https:\/\/nikidaferera.gr\/en\/wp-json\/wp\/v2\/types\/page"}],"author":[{"embeddable":true,"href":"https:\/\/nikidaferera.gr\/en\/wp-json\/wp\/v2\/users\/2"}],"replies":[{"embeddable":true,"href":"https:\/\/nikidaferera.gr\/en\/wp-json\/wp\/v2\/comments?post=168"}],"version-history":[{"count":0,"href":"https:\/\/nikidaferera.gr\/en\/wp-json\/wp\/v2\/pages\/168\/revisions"}],"wp:attachment":[{"href":"https:\/\/nikidaferera.gr\/en\/wp-json\/wp\/v2\/media?parent=168"}],"curies":[{"name":"wp","href":"https:\/\/api.w.org\/{rel}","templated":true}]}}